{"id":482,"date":"2023-11-07T13:11:21","date_gmt":"2023-11-07T13:11:21","guid":{"rendered":"https:\/\/regogroup.lt\/?page_id=482"},"modified":"2024-11-13T15:37:59","modified_gmt":"2024-11-13T15:37:59","slug":"privacy-policy","status":"publish","type":"page","link":"https:\/\/regogroup.lt\/en\/privacy-policy\/","title":{"rendered":"Slapuk\u0173 naudojimosi tvarka ir taisykl\u0117s"},"content":{"rendered":"\n<h2 class=\"wp-block-heading\">SLAPUK\u0172 NAUDOJIMO POLITIKA<\/h2>\n\n\n\n<p>REGOGROUP interneto svetain\u0117je\u00a0<a href=\"\/\" data-type=\"link\" data-id=\"www.regogroup.lt\">www.regogroup.lt<\/a> (toliau &#8220;Paslaugos&#8221;) naudoja slapukus. Naudodamiesi Paslaugomis sutinkate naudoti slapukus.<\/p>\n\n\n\n<p>M\u016bs\u0173 slapuk\u0173 politika paai\u0161kina, kokie yra naudojami slapukai, kaip ir kam mes naudojame slapukus, kaip tre\u010diosios \u0161alys, su kuriomis mes galime bendradarbiauti, gali naudoti slapukus teikiant m\u016bs\u0173 Paslaugas, o taip pat savo pasirinkimus d\u0117l slapuk\u0173 naudojimo ir papildom\u0105 informacij\u0105 apie slapukus.<\/p>\n\n\n\n<p><strong>Kas yra slapukai<\/strong><\/p>\n\n\n\n<p>Slapukai yra ma\u017ey\u010diai tekstiniai parametrai, kuriuos j\u016bs\u0173 lankoma interneto svetain\u0117 gali atsi\u0173sti j\u016bs\u0173 naudojamai interneto nar\u0161yklei. Slapuk\u0173 failas yra saugomas j\u016bs\u0173 interneto nar\u0161ykl\u0117je ir leid\u017eia Paslaugoms ar tre\u010diajai \u0161aliai jus atpa\u017einti su tikslu padaryti kit\u0105 apsilankym\u0105 lengvesniu ar patogesniu, o Paslaugas Jums labiau naudingas.<\/p>\n\n\n\n<p>Slapukai gali b\u016bti &#8220;nuolatiniai&#8221; arba &#8220;sesijos&#8221; slapukai.<\/p>\n\n\n\n<p><strong>Kaip&nbsp; REGOGROUP&nbsp;naudoja slapukus<\/strong><\/p>\n\n\n\n<p>Kai naudojate savo interneto nar\u0161ykl\u0119 tam, kad gautum\u0117te informacij\u0105 apie m\u016bs\u0173 Paslaugas, mes galime \u012fd\u0117ti kelet\u0105 slapuk\u0173 fail\u0173 \u012f j\u016bs\u0173 nar\u0161ykl\u0119.<\/p>\n\n\n\n<p>Mes naudojame slapukus \u0161iais tikslais: \u012fgalinti tam tikras Paslaugos funkcijas, gauti apsilankymo svetain\u0117je statistik\u0105, i\u0161saugoti savo nustatymus (pavyzd\u017eiui pasirinkta svetain\u0117s kalba, valiuta ir pan.), \u012fgalinti reklamin\u0117s \u017einut\u0117s parodym\u0105, \u012fskaitant reklam\u0105 pagal vartotojo elgsen\u0105.<\/p>\n\n\n\n<p>Teikdami Paslaugas mes naudojame tiek sesijos, tiek nuolatinius slapukus:<\/p>\n\n\n\n<ul class=\"wp-block-list\">\n<li>techniniai slapukai. Mes naudojame techninius slapukus, kurie yra skirti interneto svetain\u0117s funkcionalumui realizuoti. Jie i\u0161trinami, kai u\u017edaromas interneto svetain\u0117s langas.<\/li>\n\n\n\n<li>funkciniai slapukai. Mes naudojame funkcinius slapukus fiksuoti kokius konkre\u010dius puslapius jau esate per\u017ei\u016br\u0117j\u0119. \u0160ie slapukai yra i\u0161trinami po 1 met\u0173.<\/li>\n<\/ul>\n\n\n\n<p><strong>Tre\u010di\u0173 \u0161ali\u0173 slapukai<\/strong><\/p>\n\n\n\n<p>Be savo slapuk\u0173, mes taip pat galime naudoti \u012fvairius tre\u010di\u0173j\u0173 \u0161ali\u0173 slapukus (pavyzd\u017eiui Google analytics), kurie prane\u0161t\u0173 apie Paslaug\u0173 naudojimo statistik\u0105, \u012fgalint\u0173 demonstruoti reklaminius skelbimus Paslaugose ir pan.<\/p>\n\n\n\n<p>Visas naudojam\u0173 slapuk\u0173 s\u0105ra\u0161as:<\/p>\n\n\n\n<figure class=\"wp-block-table\"><table><tbody><tr><td><strong>Slapuko pavadinimas<\/strong><\/td><td><strong>Apra\u0161ymas<\/strong><\/td><td><strong>Suk\u016brimo momentas<\/strong><\/td><td><strong>Galiojimo laikas<\/strong><\/td><td><strong>Naudojami duomenys<\/strong><\/td><\/tr><tr><td>_gat<br>_ga_XXXXX<br>_gid<br>_ga<\/td><td>\u0160ie slapukai naudojami statistinei informacijai apie interneto svetain\u0117s lankomum\u0105 rinkti. Gauti duomenys naudojami ataskaitoms rengti ir siekiant patobulinti puslap\u012f.<\/td><td>\u012eeinant \u012f puslap\u012f<\/td><td>30 minu\u010di\u0173&nbsp;<br>Iki u\u017edarymo<br>1 metai<br>1 diena<br>1 metai<\/td><td>Apskaitai naudojami IP adresai ir unikal\u016bs ID numeriai. Apskaitos rezultatas statistinis. Skaitliuko apskaita vykdoma per \u201eGoogle analytics\u201c<\/td><\/tr><\/tbody><\/table><\/figure>\n\n\n\n<p><strong><br>Kokie yra j\u016bs\u0173 pasirinkimai d\u0117l slapuk\u0173<\/strong><\/p>\n\n\n\n<p>Jei patys norite i\u0161trinti slapukus arba nurodyti savo nar\u0161yklei i\u0161trinti arba atsisakyti slapuk\u0173, apsilankykite interneto nar\u0161ykl\u0117s instrukcij\u0173 ar pagalbos puslapiuose.<\/p>\n\n\n\n<p>Ta\u010diau atminkite, kad jei i\u0161trinate slapukus arba atsisakysite juos priimti, galimai negal\u0117site naudotis visomis m\u016bs\u0173 Paslaug\u0173 funkcijomis, gali b\u016bti, kad negal\u0117site i\u0161saugoti savo nuostat\u0173 ir kai kurie m\u016bs\u0173 Paslaug\u0173 puslapiai gali b\u016bti nekorekti\u0161kai rodomi.<\/p>\n\n\n\n<p><strong>Kur galite rasti daugiau informacijos apie slapukus<\/strong><\/p>\n\n\n\n<p>Galite su\u017einoti daugiau apie slapukus aplank\u0119 tre\u010di\u0173j\u0173 \u0161ali\u0173 svetaines:<\/p>\n\n\n\n<figure class=\"wp-block-embed\"><div class=\"wp-block-embed__wrapper\">\nhttps:\/\/ec.europa.eu\/info\/cookies&#8230;\n<\/div><\/figure>\n\n\n\n<figure class=\"wp-block-embed\"><div class=\"wp-block-embed__wrapper\">\nhttps:\/\/www.youtube.com\/watch?v=qAQvPU7vwU&#038;amp&#8230;\n<\/div><\/figure>\n","protected":false},"excerpt":{"rendered":"<p>SLAPUK\u0172 NAUDOJIMO POLITIKA REGOGROUP interneto svetain\u0117je\u00a0www.regogroup.lt (toliau &#8220;Paslaugos&#8221;) naudoja slapukus. Naudodamiesi Paslaugomis sutinkate naudoti slapukus. M\u016bs\u0173 slapuk\u0173 politika paai\u0161kina, kokie yra naudojami slapukai, kaip ir kam mes naudojame slapukus, kaip tre\u010diosios \u0161alys, su kuriomis mes galime bendradarbiauti, gali naudoti slapukus teikiant m\u016bs\u0173 Paslaugas, o taip pat savo pasirinkimus d\u0117l slapuk\u0173 naudojimo ir papildom\u0105 informacij\u0105 apie [&hellip;]<\/p>\n","protected":false},"author":2,"featured_media":0,"parent":0,"menu_order":17,"comment_status":"closed","ping_status":"closed","template":"","meta":{"footnotes":""},"class_list":["post-482","page","type-page","status-publish","hentry"],"acf":[],"_links":{"self":[{"href":"https:\/\/regogroup.lt\/en\/wp-json\/wp\/v2\/pages\/482","targetHints":{"allow":["GET"]}}],"collection":[{"href":"https:\/\/regogroup.lt\/en\/wp-json\/wp\/v2\/pages"}],"about":[{"href":"https:\/\/regogroup.lt\/en\/wp-json\/wp\/v2\/types\/page"}],"author":[{"embeddable":true,"href":"https:\/\/regogroup.lt\/en\/wp-json\/wp\/v2\/users\/2"}],"replies":[{"embeddable":true,"href":"https:\/\/regogroup.lt\/en\/wp-json\/wp\/v2\/comments?post=482"}],"version-history":[{"count":1,"href":"https:\/\/regogroup.lt\/en\/wp-json\/wp\/v2\/pages\/482\/revisions"}],"predecessor-version":[{"id":623,"href":"https:\/\/regogroup.lt\/en\/wp-json\/wp\/v2\/pages\/482\/revisions\/623"}],"wp:attachment":[{"href":"https:\/\/regogroup.lt\/en\/wp-json\/wp\/v2\/media?parent=482"}],"curies":[{"name":"wp","href":"https:\/\/api.w.org\/{rel}","templated":true}]}}