{"id":13,"date":"2018-03-07T20:31:59","date_gmt":"2018-03-07T20:31:59","guid":{"rendered":"https:\/\/regogroup.lt\/?page_id=13"},"modified":"2025-07-10T07:38:49","modified_gmt":"2025-07-10T07:38:49","slug":"contacts","status":"publish","type":"page","link":"https:\/\/regogroup.lt\/en\/contacts\/","title":{"rendered":"Contacts"},"content":{"rendered":"<p><a href=\"mailto:info@regogroup.lt\">info@regogroup.lt\u2029 <\/a><br \/><a href=\"https:\/\/maps.app.goo.gl\/MdKdGLRbNB1i9joKA\" target=\"_blank\" rel=\"noopener nofollow\">K\u0119stu\u010dio g. 38, Kaunas<\/a><br \/><a href=\"https:\/\/maps.app.goo.gl\/hqMgpb9Brus6aixb9\" target=\"_blank\" rel=\"noopener nofollow\">Auk\u0161tai\u010di\u0173 g. 4A, Vilnius <\/a><\/p>\n\n\n<p><\/p>\n","protected":false},"excerpt":{"rendered":"<p>info@regogroup.lt\u2029 K\u0119stu\u010dio g. 38, KaunasAuk\u0161tai\u010di\u0173 g. 4A, Vilnius<\/p>\n","protected":false},"author":1,"featured_media":0,"parent":0,"menu_order":30,"comment_status":"closed","ping_status":"closed","template":"","meta":{"footnotes":""},"class_list":["post-13","page","type-page","status-publish","hentry"],"acf":[],"_links":{"self":[{"href":"https:\/\/regogroup.lt\/en\/wp-json\/wp\/v2\/pages\/13","targetHints":{"allow":["GET"]}}],"collection":[{"href":"https:\/\/regogroup.lt\/en\/wp-json\/wp\/v2\/pages"}],"about":[{"href":"https:\/\/regogroup.lt\/en\/wp-json\/wp\/v2\/types\/page"}],"author":[{"embeddable":true,"href":"https:\/\/regogroup.lt\/en\/wp-json\/wp\/v2\/users\/1"}],"replies":[{"embeddable":true,"href":"https:\/\/regogroup.lt\/en\/wp-json\/wp\/v2\/comments?post=13"}],"version-history":[{"count":4,"href":"https:\/\/regogroup.lt\/en\/wp-json\/wp\/v2\/pages\/13\/revisions"}],"predecessor-version":[{"id":906,"href":"https:\/\/regogroup.lt\/en\/wp-json\/wp\/v2\/pages\/13\/revisions\/906"}],"wp:attachment":[{"href":"https:\/\/regogroup.lt\/en\/wp-json\/wp\/v2\/media?parent=13"}],"curies":[{"name":"wp","href":"https:\/\/api.w.org\/{rel}","templated":true}]}}